{"id":78,"date":"2023-04-29T18:36:40","date_gmt":"2023-04-29T18:36:40","guid":{"rendered":"https:\/\/fidzup.wpengine.com\/?page_id=78"},"modified":"2023-04-29T18:36:44","modified_gmt":"2023-04-29T18:36:44","slug":"qui-sommes-nous","status":"publish","type":"page","link":"https:\/\/www.fidzup.com\/en\/qui-sommes-nous\/","title":{"rendered":"Who are we?"},"content":{"rendered":"<p>FIDZUP aspires to become a leading independent source for digital marketing news, advice and analysis.<\/p>\n\n\n\n<p>Our content covers a variety of topics, from social media marketing to lifestyle and business. We are a small team with big dreams, having recently secured funding from a very generous investor!<\/p>\n\n\n\n<p>If you want to grow with us, consider becoming a contributor.<\/p>","protected":false},"excerpt":{"rendered":"<p>FIDZUP aspire \u00e0 devenir une source ind\u00e9pendante de premier plan en mati\u00e8re de nouvelles, de conseils et d&rsquo;analyses sur le marketing num\u00e9rique. Notre contenu couvre une vari\u00e9t\u00e9 de sujets, du marketing sur les r\u00e9seaux sociaux aux modes de vie et aux affaires. Nous sommes une petite \u00e9quipe avec de grands r\u00eaves, ayant r\u00e9cemment obtenu un [&hellip;]<\/p>\n","protected":false},"author":1,"featured_media":0,"parent":0,"menu_order":0,"comment_status":"closed","ping_status":"closed","template":"","meta":{"_acf_changed":false,"jnews_page_loop":{"enable_page_loop":"0","first_title":"Latest Post","second_title":"","header_type":"heading_6","header_background":"","header_text_color":"","layout":"right-sidebar","sidebar":"default-sidebar","second_sidebar":"default-sidebar","sticky_sidebar":"1","module":"3","boxed":"0","boxed_shadow":"0","box_shadow":"0","excerpt_length":"20","content_date":"default","date_custom":"Y\/m\/d","content_pagination":"nav_1","pagination_align":"center","show_navtext":"0","show_pageinfo":"0","post_offset":"0","posts_per_page":"5","include_post":"","exclude_post":"","include_category":"","exclude_category":"","include_author":"","include_tag":"","exclude_tag":"","sort_by":"latest"},"jnews_single_page":{"layout":"double-sidebar","sidebar":"","second_sidebar":"","sticky_sidebar":"1","show_post_featured":"1","show_post_meta":"0","share_position":"","share_color":"share-monocrhome"},"footnotes":""},"class_list":["post-78","page","type-page","status-publish","hentry"],"acf":[],"_links":{"self":[{"href":"https:\/\/www.fidzup.com\/en\/wp-json\/wp\/v2\/pages\/78","targetHints":{"allow":["GET"]}}],"collection":[{"href":"https:\/\/www.fidzup.com\/en\/wp-json\/wp\/v2\/pages"}],"about":[{"href":"https:\/\/www.fidzup.com\/en\/wp-json\/wp\/v2\/types\/page"}],"author":[{"embeddable":true,"href":"https:\/\/www.fidzup.com\/en\/wp-json\/wp\/v2\/users\/1"}],"replies":[{"embeddable":true,"href":"https:\/\/www.fidzup.com\/en\/wp-json\/wp\/v2\/comments?post=78"}],"version-history":[{"count":0,"href":"https:\/\/www.fidzup.com\/en\/wp-json\/wp\/v2\/pages\/78\/revisions"}],"wp:attachment":[{"href":"https:\/\/www.fidzup.com\/en\/wp-json\/wp\/v2\/media?parent=78"}],"curies":[{"name":"wp","href":"https:\/\/api.w.org\/{rel}","templated":true}]}}